{"id":7495,"date":"2022-09-01T17:49:02","date_gmt":"2022-09-01T17:49:02","guid":{"rendered":"http:\/\/smalatam.com\/pan\/?page_id=7495"},"modified":"2023-02-07T15:03:30","modified_gmt":"2023-02-07T15:03:30","slug":"lic-jeniffer-d-gonzalez-r","status":"publish","type":"page","link":"https:\/\/smalatam.com\/pan\/lic-jeniffer-d-gonzalez-r\/","title":{"rendered":"LIC. JENIFFER GONZALEZ."},"content":{"rendered":"<p>[et_pb_section fb_built=&#8221;1&#8243; admin_label=&#8221;section&#8221; module_id=&#8221;subheaderWrap&#8221; _builder_version=&#8221;3.4&#8243; background_color=&#8221;#ffffff&#8221; background_image=&#8221;http:\/\/smalatam.com\/pan\/wp-content\/uploads\/2018\/11\/panama.jpg&#8221; custom_css_main_element=&#8221;.et_pb_title_container h1 {|| font-size: 26px !important;|| line-height: 1em;|| background-color: #384977;|| padding: 20px;|| color: #fff !important;||}&#8221;][et_pb_row parallax_method_1=&#8221;off&#8221; admin_label=&#8221;row&#8221; _builder_version=&#8221;3.4&#8243; background_size=&#8221;initial&#8221; background_position=&#8221;top_left&#8221; background_repeat=&#8221;repeat&#8221;][et_pb_column type=&#8221;4_4&#8243; _builder_version=&#8221;3.0.47&#8243; parallax=&#8221;off&#8221; parallax_method=&#8221;off&#8221;][et_pb_post_title meta=&#8221;off&#8221; featured_image=&#8221;off&#8221; _builder_version=&#8221;3.0.47&#8243; parallax=&#8221;on&#8221; parallax_method=&#8221;off&#8221; use_border_color=&#8221;off&#8221; border_color=&#8221;#ffffff&#8221; border_width=&#8221;1px&#8221; border_style=&#8221;solid&#8221; parallax_effect=&#8221;on&#8221;][\/et_pb_post_title][\/et_pb_column][\/et_pb_row][\/et_pb_section][et_pb_section fb_built=&#8221;1&#8243; _builder_version=&#8221;3.0.47&#8243; background_color=&#8221;#ffffff&#8221; transparent_background=&#8221;off&#8221;][et_pb_row parallax_method_1=&#8221;off&#8221; parallax_method_2=&#8221;off&#8221; parallax_method_3=&#8221;off&#8221; _builder_version=&#8221;3.0.47&#8243; background_size=&#8221;initial&#8221; background_position=&#8221;top_left&#8221; background_repeat=&#8221;repeat&#8221;][et_pb_column type=&#8221;1_3&#8243; _builder_version=&#8221;3.0.47&#8243; parallax=&#8221;off&#8221; parallax_method=&#8221;off&#8221;][et_pb_image src=&#8221;http:\/\/smalatam.com\/pan\/wp-content\/uploads\/2023\/02\/IMG-20230131-WA0005.jpg&#8221; _builder_version=&#8221;3.4&#8243;][\/et_pb_image][et_pb_text module_class=&#8221;associateinfoWrap&#8221; _builder_version=&#8221;3.4&#8243; text_font_size=&#8221;19px&#8221; background_size=&#8221;initial&#8221; background_position=&#8221;top_left&#8221; background_repeat=&#8221;repeat&#8221; use_border_color=&#8221;off&#8221;]<span style=\"color: #333333;\">SMA Consultores<\/span><br \/>\n<span style=\"color: #333333;\"> Tel\u00e9fonos<\/span><\/p>\n<ul>\n<li>(+507) 260-9969<\/li>\n<li>(+507) 260-6090<\/li>\n<li>(+ 507) 260-1504<\/li>\n<\/ul>\n<p>jeniffer.gonzalez@smalatam.com<\/p>\n<p><strong>Funci\u00f3n y especialidad<\/strong><\/p>\n<p>L\u00edder en Auditor\u00eda\/Outsourcing<br \/>\n[\/et_pb_text][\/et_pb_column][et_pb_column type=&#8221;2_3&#8243; _builder_version=&#8221;3.0.47&#8243; parallax=&#8221;off&#8221; parallax_method=&#8221;off&#8221;][et_pb_text _builder_version=&#8221;3.4&#8243; text_font_size=&#8221;23px&#8221; background_size=&#8221;initial&#8221; background_position=&#8221;top_left&#8221; background_repeat=&#8221;repeat&#8221; use_border_color=&#8221;off&#8221;]<\/p>\n<p class=\"p1\" style=\"text-align: justify;\"><span class=\"s1\" style=\"color: #333333;\"><b>Experiencia Profesional <\/b><\/span><\/p>\n<p>Licenciada en Contabilidad (UNESCPA), Licenciada en Banca y Finanzas con Maestr\u00eda en Contabilidad con \u00e9nfasis en Finanzas (ambas en la Universidad de Panam\u00e1). Jeniffer cuenta con m\u00e1s de 12 a\u00f1os de experiencia en el \u00e1rea contable y fiscal, capitalizando conocimiento y experticia en diversas industrias como servicios, construcci\u00f3n y retail.<\/p>\n<p>Jeniffer ha desarrollado su carrera dentro de las llamadas \u201cBig 4\u201d dentro del \u00e1mbito contable y fiscal, normas contables, auditor\u00edas y aspectos de cumplimiento de impuestos directos e indirectos, dise\u00f1o de estrategias, due dilligence financiero y tributaci\u00f3n internacional.<br \/>\n[\/et_pb_text][\/et_pb_column][\/et_pb_row][\/et_pb_section]<\/p>\n","protected":false},"excerpt":{"rendered":"<p>[et_pb_section fb_built=&#8221;1&#8243; admin_label=&#8221;section&#8221; module_id=&#8221;subheaderWrap&#8221; _builder_version=&#8221;3.4&#8243; background_color=&#8221;#ffffff&#8221; background_image=&#8221;http:\/\/smalatam.com\/pan\/wp-content\/uploads\/2018\/11\/panama.jpg&#8221; custom_css_main_element=&#8221;.et_pb_title_container h1 {|| font-size: 26px !important;|| line-height: 1em;|| background-color: #384977;|| padding: 20px;|| color: #fff !important;||}&#8221;][et_pb_row parallax_method_1=&#8221;off&#8221; admin_label=&#8221;row&#8221; _builder_version=&#8221;3.4&#8243; background_size=&#8221;initial&#8221; background_position=&#8221;top_left&#8221; background_repeat=&#8221;repeat&#8221;][et_pb_column type=&#8221;4_4&#8243; _builder_version=&#8221;3.0.47&#8243; parallax=&#8221;off&#8221; parallax_method=&#8221;off&#8221;][et_pb_post_title meta=&#8221;off&#8221; featured_image=&#8221;off&#8221; _builder_version=&#8221;3.0.47&#8243; parallax=&#8221;on&#8221; parallax_method=&#8221;off&#8221; use_border_color=&#8221;off&#8221; border_color=&#8221;#ffffff&#8221; border_width=&#8221;1px&#8221; border_style=&#8221;solid&#8221; parallax_effect=&#8221;on&#8221;][\/et_pb_post_title][\/et_pb_column][\/et_pb_row][\/et_pb_section][et_pb_section fb_built=&#8221;1&#8243; _builder_version=&#8221;3.0.47&#8243; background_color=&#8221;#ffffff&#8221; transparent_background=&#8221;off&#8221;][et_pb_row parallax_method_1=&#8221;off&#8221; parallax_method_2=&#8221;off&#8221; parallax_method_3=&#8221;off&#8221; _builder_version=&#8221;3.0.47&#8243; background_size=&#8221;initial&#8221; background_position=&#8221;top_left&#8221; background_repeat=&#8221;repeat&#8221;][et_pb_column type=&#8221;1_3&#8243; _builder_version=&#8221;3.0.47&#8243; [&hellip;]<\/p>\n","protected":false},"author":1,"featured_media":0,"parent":0,"menu_order":0,"comment_status":"closed","ping_status":"closed","template":"","meta":{"footnotes":""},"class_list":["post-7495","page","type-page","status-publish","hentry"],"_links":{"self":[{"href":"https:\/\/smalatam.com\/pan\/wp-json\/wp\/v2\/pages\/7495","targetHints":{"allow":["GET"]}}],"collection":[{"href":"https:\/\/smalatam.com\/pan\/wp-json\/wp\/v2\/pages"}],"about":[{"href":"https:\/\/smalatam.com\/pan\/wp-json\/wp\/v2\/types\/page"}],"author":[{"embeddable":true,"href":"https:\/\/smalatam.com\/pan\/wp-json\/wp\/v2\/users\/1"}],"replies":[{"embeddable":true,"href":"https:\/\/smalatam.com\/pan\/wp-json\/wp\/v2\/comments?post=7495"}],"version-history":[{"count":9,"href":"https:\/\/smalatam.com\/pan\/wp-json\/wp\/v2\/pages\/7495\/revisions"}],"predecessor-version":[{"id":7544,"href":"https:\/\/smalatam.com\/pan\/wp-json\/wp\/v2\/pages\/7495\/revisions\/7544"}],"wp:attachment":[{"href":"https:\/\/smalatam.com\/pan\/wp-json\/wp\/v2\/media?parent=7495"}],"curies":[{"name":"wp","href":"https:\/\/api.w.org\/{rel}","templated":true}]}}