{"id":7055,"date":"2018-10-18T03:19:45","date_gmt":"2018-10-18T03:19:45","guid":{"rendered":"http:\/\/smalatam.com\/pan\/?page_id=7055"},"modified":"2020-05-08T19:04:23","modified_gmt":"2020-05-08T19:04:23","slug":"servicios-complementarios","status":"publish","type":"page","link":"http:\/\/smalatam.com\/pan\/servicios-complementarios\/","title":{"rendered":"Servicios Complementarios"},"content":{"rendered":"<p>[et_pb_section fb_built=&#8221;1&#8243; admin_label=&#8221;section&#8221; module_id=&#8221;subheaderWrap&#8221; _builder_version=&#8221;3.4&#8243; background_color=&#8221;#ffffff&#8221; background_image=&#8221;http:\/\/smalatam.com\/pan\/wp-content\/uploads\/2018\/11\/panama.jpg&#8221; custom_css_main_element=&#8221;.et_pb_title_container h1 {|| font-size: 26px !important;|| line-height: 1em;|| background-color: #384977;|| padding: 20px;|| color: #fff !important;||}&#8221;][et_pb_row parallax_method_1=&#8221;off&#8221; admin_label=&#8221;row&#8221; _builder_version=&#8221;3.4&#8243; background_size=&#8221;initial&#8221; background_position=&#8221;top_left&#8221; background_repeat=&#8221;repeat&#8221;][et_pb_column type=&#8221;4_4&#8243; _builder_version=&#8221;3.0.47&#8243; parallax=&#8221;off&#8221; parallax_method=&#8221;off&#8221;][et_pb_post_title meta=&#8221;off&#8221; featured_image=&#8221;off&#8221; _builder_version=&#8221;3.4&#8243; parallax=&#8221;on&#8221; use_border_color=&#8221;off&#8221;][\/et_pb_post_title][\/et_pb_column][\/et_pb_row][\/et_pb_section][et_pb_section fb_built=&#8221;1&#8243; _builder_version=&#8221;3.0.47&#8243; background_color=&#8221;#ffffff&#8221; transparent_background=&#8221;off&#8221;][et_pb_row parallax_method_1=&#8221;off&#8221; parallax_method_2=&#8221;off&#8221; parallax_method_3=&#8221;off&#8221; _builder_version=&#8221;3.0.47&#8243; background_size=&#8221;initial&#8221; background_position=&#8221;top_left&#8221; background_repeat=&#8221;repeat&#8221;][et_pb_column type=&#8221;4_4&#8243; _builder_version=&#8221;3.0.47&#8243; parallax=&#8221;off&#8221; parallax_method=&#8221;off&#8221;][et_pb_text _builder_version=&#8221;3.4&#8243; background_size=&#8221;initial&#8221; background_position=&#8221;top_left&#8221; background_repeat=&#8221;repeat&#8221; use_border_color=&#8221;off&#8221;]<\/p>\n<p style=\"text-align: justify;\">Para complementar nuestra oferta de servicios, adicionalmente ofrecemos a nuestros clientes orientaci\u00f3n y asistencia en los distintos ciclos operativos de su negocio, el cual podr\u00eda incluir su iniciaci\u00f3n y\/o la evaluaci\u00f3n del mismo en un per\u00edodo especifico. La asistencia en esta etapa incluye desde el estudio de factibilidad y viabilidad de su negocio y\/o idea hasta la reestructuraci\u00f3n del mismo.<\/p>\n<ul>\n<li>Constituci\u00f3n y registro de su empresa<\/li>\n<li>Estudios de factibilidad\/viabilidad<\/li>\n<li>An\u00e1lisis de las funciones organizativas de su empresa<\/li>\n<li>Implementaci\u00f3n de manuales de normas y procedimientos<\/li>\n<li>Implementaci\u00f3n de Sistemas de Gesti\u00f3n de la Calidad (SGC) seg\u00fan normas internacionales ISO 9001:2008.<\/li>\n<li>Asesor\u00eda para Emprendedores<\/li>\n<li>Recuperaci\u00f3n de cartera morosa o cobranzas preventivas<\/li>\n<li>Asistencia o administraci\u00f3n de la planilla<\/li>\n<li>Desarrollo de e-commerce (Tiendas virtuales)<\/li>\n<li>Sistemas inform\u00e1ticos personalizados<\/li>\n<li>Otros servicios.<\/li>\n<\/ul>\n<p>&nbsp;<\/p>\n<p>[\/et_pb_text][\/et_pb_column][\/et_pb_row][\/et_pb_section]<\/p>\n","protected":false},"excerpt":{"rendered":"<p>[et_pb_section fb_built=&#8221;1&#8243; admin_label=&#8221;section&#8221; module_id=&#8221;subheaderWrap&#8221; _builder_version=&#8221;3.4&#8243; background_color=&#8221;#ffffff&#8221; background_image=&#8221;http:\/\/smalatam.com\/pan\/wp-content\/uploads\/2018\/11\/panama.jpg&#8221; custom_css_main_element=&#8221;.et_pb_title_container h1 {|| font-size: 26px !important;|| line-height: 1em;|| background-color: #384977;|| padding: 20px;|| color: #fff !important;||}&#8221;][et_pb_row parallax_method_1=&#8221;off&#8221; admin_label=&#8221;row&#8221; _builder_version=&#8221;3.4&#8243; background_size=&#8221;initial&#8221; background_position=&#8221;top_left&#8221; background_repeat=&#8221;repeat&#8221;][et_pb_column type=&#8221;4_4&#8243; _builder_version=&#8221;3.0.47&#8243; parallax=&#8221;off&#8221; parallax_method=&#8221;off&#8221;][et_pb_post_title meta=&#8221;off&#8221; featured_image=&#8221;off&#8221; _builder_version=&#8221;3.4&#8243; parallax=&#8221;on&#8221; use_border_color=&#8221;off&#8221;][\/et_pb_post_title][\/et_pb_column][\/et_pb_row][\/et_pb_section][et_pb_section fb_built=&#8221;1&#8243; _builder_version=&#8221;3.0.47&#8243; background_color=&#8221;#ffffff&#8221; transparent_background=&#8221;off&#8221;][et_pb_row parallax_method_1=&#8221;off&#8221; parallax_method_2=&#8221;off&#8221; parallax_method_3=&#8221;off&#8221; _builder_version=&#8221;3.0.47&#8243; background_size=&#8221;initial&#8221; background_position=&#8221;top_left&#8221; background_repeat=&#8221;repeat&#8221;][et_pb_column type=&#8221;4_4&#8243; _builder_version=&#8221;3.0.47&#8243; parallax=&#8221;off&#8221; parallax_method=&#8221;off&#8221;][et_pb_text _builder_version=&#8221;3.4&#8243; background_size=&#8221;initial&#8221; background_position=&#8221;top_left&#8221; [&hellip;]<\/p>\n","protected":false},"author":1,"featured_media":0,"parent":0,"menu_order":0,"comment_status":"closed","ping_status":"closed","template":"","meta":{"footnotes":""},"class_list":["post-7055","page","type-page","status-publish","hentry"],"_links":{"self":[{"href":"http:\/\/smalatam.com\/pan\/wp-json\/wp\/v2\/pages\/7055","targetHints":{"allow":["GET"]}}],"collection":[{"href":"http:\/\/smalatam.com\/pan\/wp-json\/wp\/v2\/pages"}],"about":[{"href":"http:\/\/smalatam.com\/pan\/wp-json\/wp\/v2\/types\/page"}],"author":[{"embeddable":true,"href":"http:\/\/smalatam.com\/pan\/wp-json\/wp\/v2\/users\/1"}],"replies":[{"embeddable":true,"href":"http:\/\/smalatam.com\/pan\/wp-json\/wp\/v2\/comments?post=7055"}],"version-history":[{"count":6,"href":"http:\/\/smalatam.com\/pan\/wp-json\/wp\/v2\/pages\/7055\/revisions"}],"predecessor-version":[{"id":7433,"href":"http:\/\/smalatam.com\/pan\/wp-json\/wp\/v2\/pages\/7055\/revisions\/7433"}],"wp:attachment":[{"href":"http:\/\/smalatam.com\/pan\/wp-json\/wp\/v2\/media?parent=7055"}],"curies":[{"name":"wp","href":"https:\/\/api.w.org\/{rel}","templated":true}]}}