{"id":7023,"date":"2018-10-18T02:21:54","date_gmt":"2018-10-18T02:21:54","guid":{"rendered":"http:\/\/smalatam.com\/pan\/?page_id=7023"},"modified":"2022-08-29T19:39:24","modified_gmt":"2022-08-29T19:39:24","slug":"lic-ramses-d-malave-t","status":"publish","type":"page","link":"http:\/\/smalatam.com\/pan\/lic-ramses-d-malave-t\/","title":{"rendered":"Lic. Rams\u00e9s D. Malav\u00e9 T."},"content":{"rendered":"<p>[et_pb_section fb_built=&#8221;1&#8243; admin_label=&#8221;section&#8221; module_id=&#8221;subheaderWrap&#8221; _builder_version=&#8221;3.4&#8243; background_color=&#8221;#ffffff&#8221; background_image=&#8221;http:\/\/smalatam.com\/pan\/wp-content\/uploads\/2018\/11\/panama.jpg&#8221; custom_css_main_element=&#8221;.et_pb_title_container h1 {|| font-size: 26px !important;|| line-height: 1em;|| background-color: #384977;|| padding: 20px;|| color: #fff !important;||}&#8221;][et_pb_row parallax_method_1=&#8221;off&#8221; admin_label=&#8221;row&#8221; _builder_version=&#8221;3.4&#8243; background_size=&#8221;initial&#8221; background_position=&#8221;top_left&#8221; background_repeat=&#8221;repeat&#8221;][et_pb_column type=&#8221;4_4&#8243; _builder_version=&#8221;3.0.47&#8243; parallax=&#8221;off&#8221; parallax_method=&#8221;off&#8221;][et_pb_post_title meta=&#8221;off&#8221; featured_image=&#8221;off&#8221; _builder_version=&#8221;3.0.47&#8243; parallax=&#8221;on&#8221; parallax_method=&#8221;off&#8221; use_border_color=&#8221;off&#8221; border_color=&#8221;#ffffff&#8221; border_width=&#8221;1px&#8221; border_style=&#8221;solid&#8221; parallax_effect=&#8221;on&#8221;][\/et_pb_post_title][\/et_pb_column][\/et_pb_row][\/et_pb_section][et_pb_section fb_built=&#8221;1&#8243; _builder_version=&#8221;3.0.47&#8243; background_color=&#8221;#ffffff&#8221; transparent_background=&#8221;off&#8221;][et_pb_row parallax_method_1=&#8221;off&#8221; parallax_method_2=&#8221;off&#8221; parallax_method_3=&#8221;off&#8221; _builder_version=&#8221;3.0.47&#8243; background_size=&#8221;initial&#8221; background_position=&#8221;top_left&#8221; background_repeat=&#8221;repeat&#8221;][et_pb_column type=&#8221;1_3&#8243; _builder_version=&#8221;3.0.47&#8243; parallax=&#8221;off&#8221; parallax_method=&#8221;off&#8221;][et_pb_text module_class=&#8221;associateinfoWrap&#8221; _builder_version=&#8221;3.4&#8243; background_size=&#8221;initial&#8221; background_position=&#8221;top_left&#8221; background_repeat=&#8221;repeat&#8221; use_border_color=&#8221;off&#8221;]<img loading=\"lazy\" decoding=\"async\" class=\"wp-image-593 size-medium alignleft\" style=\"margin-bottom: 20px; border-radius: 25px; border: 3px solid #EC7E32;\" src=\"http:\/\/smalatam.com\/pan\/wp-content\/uploads\/2018\/10\/IMG-20181029-WA0018.jpg\" alt=\"\" width=\"300\" height=\"300\" \/><br \/>\n[\/et_pb_text][et_pb_text module_class=&#8221;associateinfoWrap&#8221; _builder_version=&#8221;3.4&#8243; text_font_size=&#8221;19px&#8221; background_size=&#8221;initial&#8221; background_position=&#8221;top_left&#8221; background_repeat=&#8221;repeat&#8221; use_border_color=&#8221;off&#8221;]<\/p>\n<p><span style=\"color: #333333;\">SMA Consultores<\/span><br \/> <span style=\"color: #333333;\"> Tel\u00e9fonos<\/span><\/p>\n<ul>\n<li><span style=\"color: #333333;\">(+507) 260-9969<\/span><\/li>\n<li><span style=\"color: #333333;\">(+58) 414-237-2698<\/span><\/li>\n<\/ul>\n<p><a href=\"mailto:ramses.malave@smalatam.com\"><strong>ramses.malave@smalatam.com<\/strong><\/a><\/p>\n<p><strong>Funci\u00f3n y especialidad<\/strong><\/p>\n<ul>\n<li><span color=\"#333333\" style=\"color: #333333;\">L\u00edder en\u00a0<\/span>Impuestos y Precios de transferencia.<\/li>\n<\/ul>\n<p>[\/et_pb_text][\/et_pb_column][et_pb_column type=&#8221;2_3&#8243; _builder_version=&#8221;3.0.47&#8243; parallax=&#8221;off&#8221; parallax_method=&#8221;off&#8221;][et_pb_text _builder_version=&#8221;3.4&#8243; text_font=&#8221;Open Sans Condensed||||||||&#8221; text_font_size=&#8221;23px&#8221; background_size=&#8221;initial&#8221; background_position=&#8221;top_left&#8221; background_repeat=&#8221;repeat&#8221; use_border_color=&#8221;off&#8221;]<\/p>\n<p class=\"p1\" style=\"text-align: justify;\"><span class=\"s1\" style=\"color: #333333;\"><b>Experiencia Profesional <\/b><\/span><\/p>\n<p style=\"text-align: justify;\">Licenciado en Contadur\u00eda P\u00fablica colegiado en el Estado Miranda, egresado de la Universidad Santa Mar\u00eda (1994) con un Programa de Gerencia del Negocio de los Hidrocarburos en el IESA, y pasant\u00edas en el \u00e1rea de precios de transferencia en el Servicio de Administraci\u00f3n Tributaria (SAT) de M\u00e9xico. Rams\u00e9s estuvo entre los fundadores de la Divisi\u00f3n de Precios de Transferencia y Acuerdos Anticipados del Servicio Nacional Integrado de Administraci\u00f3n Aduanera y Tributaria (SENIAT), y fue co-redactor del marco legal en el cap\u00edtulo de Fiscalidad Internacional en la Ley de Impuesto sobre la Renta y de los formularios destinados por la administraci\u00f3n tributaria para la elaboraci\u00f3n de la declaraci\u00f3n informativa de operaciones entre partes vinculadas en el extranjero (forma PT-99).<\/p>\n<p style=\"text-align: justify;\">Rams\u00e9s fue funcionario adscrito por m\u00e1s de 10 a\u00f1os al Servicio Nacional Integrado de Administraci\u00f3n Aduanera y Tributaria (SENIAT) participando como ponente en conferencias de fiscalidad internacional en el CIAT Buenos Aires, Argentina; OCDE Par\u00eds, Francia y la IFA Kyoto, Jap\u00f3n.<\/p>\n<p>[\/et_pb_text][\/et_pb_column][\/et_pb_row][\/et_pb_section]<\/p>\n","protected":false},"excerpt":{"rendered":"<p>[et_pb_section fb_built=&#8221;1&#8243; admin_label=&#8221;section&#8221; module_id=&#8221;subheaderWrap&#8221; _builder_version=&#8221;3.4&#8243; background_color=&#8221;#ffffff&#8221; background_image=&#8221;http:\/\/smalatam.com\/pan\/wp-content\/uploads\/2018\/11\/panama.jpg&#8221; custom_css_main_element=&#8221;.et_pb_title_container h1 {|| font-size: 26px !important;|| line-height: 1em;|| background-color: #384977;|| padding: 20px;|| color: #fff !important;||}&#8221;][et_pb_row parallax_method_1=&#8221;off&#8221; admin_label=&#8221;row&#8221; _builder_version=&#8221;3.4&#8243; background_size=&#8221;initial&#8221; background_position=&#8221;top_left&#8221; background_repeat=&#8221;repeat&#8221;][et_pb_column type=&#8221;4_4&#8243; _builder_version=&#8221;3.0.47&#8243; parallax=&#8221;off&#8221; parallax_method=&#8221;off&#8221;][et_pb_post_title meta=&#8221;off&#8221; featured_image=&#8221;off&#8221; _builder_version=&#8221;3.0.47&#8243; parallax=&#8221;on&#8221; parallax_method=&#8221;off&#8221; use_border_color=&#8221;off&#8221; border_color=&#8221;#ffffff&#8221; border_width=&#8221;1px&#8221; border_style=&#8221;solid&#8221; parallax_effect=&#8221;on&#8221;][\/et_pb_post_title][\/et_pb_column][\/et_pb_row][\/et_pb_section][et_pb_section fb_built=&#8221;1&#8243; _builder_version=&#8221;3.0.47&#8243; background_color=&#8221;#ffffff&#8221; transparent_background=&#8221;off&#8221;][et_pb_row parallax_method_1=&#8221;off&#8221; parallax_method_2=&#8221;off&#8221; parallax_method_3=&#8221;off&#8221; _builder_version=&#8221;3.0.47&#8243; background_size=&#8221;initial&#8221; background_position=&#8221;top_left&#8221; background_repeat=&#8221;repeat&#8221;][et_pb_column type=&#8221;1_3&#8243; _builder_version=&#8221;3.0.47&#8243; [&hellip;]<\/p>\n","protected":false},"author":1,"featured_media":0,"parent":0,"menu_order":0,"comment_status":"closed","ping_status":"closed","template":"","meta":{"footnotes":""},"class_list":["post-7023","page","type-page","status-publish","hentry"],"_links":{"self":[{"href":"http:\/\/smalatam.com\/pan\/wp-json\/wp\/v2\/pages\/7023","targetHints":{"allow":["GET"]}}],"collection":[{"href":"http:\/\/smalatam.com\/pan\/wp-json\/wp\/v2\/pages"}],"about":[{"href":"http:\/\/smalatam.com\/pan\/wp-json\/wp\/v2\/types\/page"}],"author":[{"embeddable":true,"href":"http:\/\/smalatam.com\/pan\/wp-json\/wp\/v2\/users\/1"}],"replies":[{"embeddable":true,"href":"http:\/\/smalatam.com\/pan\/wp-json\/wp\/v2\/comments?post=7023"}],"version-history":[{"count":12,"href":"http:\/\/smalatam.com\/pan\/wp-json\/wp\/v2\/pages\/7023\/revisions"}],"predecessor-version":[{"id":7488,"href":"http:\/\/smalatam.com\/pan\/wp-json\/wp\/v2\/pages\/7023\/revisions\/7488"}],"wp:attachment":[{"href":"http:\/\/smalatam.com\/pan\/wp-json\/wp\/v2\/media?parent=7023"}],"curies":[{"name":"wp","href":"https:\/\/api.w.org\/{rel}","templated":true}]}}